{"id":2931,"date":"2024-03-15T13:26:10","date_gmt":"2024-03-15T16:26:10","guid":{"rendered":"https:\/\/palumbodesarrollos.com.ar\/?page_id=2931"},"modified":"2025-02-18T14:58:34","modified_gmt":"2025-02-18T17:58:34","slug":"casa-barrio-la-quebrada","status":"publish","type":"page","link":"https:\/\/palumbodesarrollos.com.ar\/index.php\/casa-barrio-la-quebrada\/","title":{"rendered":"CASA L38"},"content":{"rendered":"\t\t<div data-elementor-type=\"wp-page\" data-elementor-id=\"2931\" class=\"elementor elementor-2931\">\n\t\t\t\t\t\t<section class=\"elementor-section elementor-top-section elementor-element elementor-element-44cd73a elementor-section-full_width elementor-section-height-default elementor-section-height-default\" data-id=\"44cd73a\" data-element_type=\"section\" data-e-type=\"section\">\n\t\t\t\t\t\t<div class=\"elementor-container elementor-column-gap-no\">\n\t\t\t\t\t<div class=\"elementor-column elementor-col-100 elementor-top-column elementor-element elementor-element-29883b7\" data-id=\"29883b7\" data-element_type=\"column\" data-e-type=\"column\">\n\t\t\t<div class=\"elementor-widget-wrap elementor-element-populated\">\n\t\t\t\t\t\t<div class=\"elementor-element elementor-element-c54eb09 elementor-hidden-mobile elementor-widget elementor-widget-consua_banner\" data-id=\"c54eb09\" data-element_type=\"widget\" data-e-type=\"widget\" data-widget_type=\"consua_banner.default\">\n\t\t\t\t<div class=\"elementor-widget-container\">\n\t\t\t\t\t\r\n\t    <!-- Start Banner Area One\r\n\t    ============================================= -->\r\n\t    <div class=\"banner-area banner-style-one shadow navigation-custom-large zoom-effect overflow-hidden text-light\">\r\n\t        <!-- Slider main container -->\r\n\t        <div class=\"banner-fade\">\r\n\t            <!-- Additional required wrapper -->\r\n\t            <div class=\"swiper-wrapper\">\r\n\r\n\t            \t\t\t                <!-- Single Item -->\r\n\t\t                <div class=\"swiper-slide banner-style-one\">\r\n\t\t                    <div class=\"banner-thumb bg-cover shadow dark\" style=\"background: url(http:\/\/palumbodesarrollos.com.ar\/wp-content\/uploads\/2024\/03\/head-laquebrada.jpg);\"><\/div>\r\n\t\t                    <div class=\"container\">\r\n\t\t                        <div class=\"row align-center\">\r\n\t\t                            <div class=\"col-xl-7 offset-lg-5\">\r\n\t\t                                <div class=\"content\">\r\n\t\t                                    <h4><\/h4>\r\n\t\t                                    <h2><\/h2>\r\n\t\t                                    \t\t\t                                    <div class=\"button mt-40\">\r\n\t\t\t                                        <a class=\"btn-animation\" href=\"#\"><i class=\"fas fa-arrow-right\"><\/i> <span>Casa L38 <\/span><\/a>\r\n\t\t\t                                    <\/div>\r\n\t\t                                    \t\t                                <\/div>\r\n\t\t                            <\/div>\r\n\t\t                        <\/div>\r\n\t\t                    <\/div>\r\n\t\t                    \t\t                <\/div>\r\n\t\t                <!-- End Single Item -->\r\n\t                \t            <\/div>\r\n\t\t\t\t\t\t            <!-- Pagination -->\r\n\t\t            <div class=\"swiper-pagination\"><\/div>\r\n\t\t\t\t\t        <\/div>  \r\n\t    <\/div>\r\n\t    <!-- End Banner Area One -->\t\r\n\t\t\t\r\n\t\t\t\t\t\t<\/div>\n\t\t\t\t<\/div>\n\t\t\t\t\t<\/div>\n\t\t<\/div>\n\t\t\t\t\t<\/div>\n\t\t<\/section>\n\t\t<div class=\"elementor-element elementor-element-d85066b e-flex e-con-boxed e-con e-parent\" data-id=\"d85066b\" data-element_type=\"container\" data-e-type=\"container\">\n\t\t\t\t\t<div class=\"e-con-inner\">\n\t\t<div class=\"elementor-element elementor-element-d43c519 e-con-full e-flex e-con e-child\" data-id=\"d43c519\" data-element_type=\"container\" data-e-type=\"container\">\n\t\t\t\t<div class=\"elementor-element elementor-element-ff27d08 elementor-widget elementor-widget-heading\" data-id=\"ff27d08\" data-element_type=\"widget\" data-e-type=\"widget\" data-widget_type=\"heading.default\">\n\t\t\t\t<div class=\"elementor-widget-container\">\n\t\t\t\t\t<h2 class=\"elementor-heading-title elementor-size-default\">CASA L38 <\/h2>\t\t\t\t<\/div>\n\t\t\t\t<\/div>\n\t\t\t\t<div class=\"elementor-element elementor-element-94bdea1 elementor-widget elementor-widget-text-editor\" data-id=\"94bdea1\" data-element_type=\"widget\" data-e-type=\"widget\" data-widget_type=\"text-editor.default\">\n\t\t\t\t<div class=\"elementor-widget-container\">\n\t\t\t\t\t\t\t\t\t<p><strong>Este grandioso proyecto consiste en una espectacular vivienda unifamiliar.<\/strong><\/p><p>Ubicada dentro del Barrio Privado La Quebrada, a tan solo 15 minutos del km 0 de Mendoza. El mismo cuenta con calles pavimentadas, servicios subterr\u00e1neos (salvo electricidad), red de cloacas, sistema integral de<br \/>vigilancia las 24 horas, una hermosa propuesta paisaj\u00edstica donde se destaca la presencia de un boulevard transversal y otro longitudinal dividiendo al Barrio en 4 bloques imaginarios.\u00a0<\/p><p><strong>La zona se encuentra rodeada de numerosos Barrios Privados de similares caracter\u00edsticas y con la proyecci\u00f3n de un Strip Center a pocos metros del Portal de Ingreso<\/strong>, convirtiendo a esta una de las zonas de la localidad de Luj\u00e1n con un mayor crecimiento urban\u00edstico en la actualidad, generando un gran\u00a0potencial y valor agregado al proyecto. <strong>Adem\u00e1s, este barrio se destaca tambi\u00e9n por sus impresionantes vistas a la Cordillera de los Andes y la presencia de un maravilloso microclima.<\/strong><\/p><p>La residencia se desarrolla sobre el lote L38 el cual se encuentra ubicado estrat\u00e9gicamente en el centro del barrio, a pocos metros del boulevard principal y con frente hacia el Sur. Esta fabulosa casa se distribuye en una planta y cuenta con un dise\u00f1o s\u00faper moderno y con las m\u00e1s finas<br \/>terminaciones.\u00a0<\/p><p>Consta de amplios y luminosos ambientes con una c\u00f3moda y funcional distribuci\u00f3n. Se destaca por tener: calefacci\u00f3n central por losa radiante, porcelanatos rectificados, grifer\u00eda FV, sanitarios Ferrum, mesadas en ba\u00f1os y cocinas con piedras de m\u00e1rmol, aberturas con DVH y aluminio de alta prestaci\u00f3n, muebles de cocina y placares de primera l\u00ednea.<\/p>\t\t\t\t\t\t\t\t<\/div>\n\t\t\t\t<\/div>\n\t\t\t\t<div class=\"elementor-element elementor-element-0ff42ba elementor-widget elementor-widget-text-editor\" data-id=\"0ff42ba\" data-element_type=\"widget\" data-e-type=\"widget\" data-widget_type=\"text-editor.default\">\n\t\t\t\t<div class=\"elementor-widget-container\">\n\t\t\t\t\t\t\t\t\t<h4>\u00a0<\/h4><ul class=\"check-list\"><li><h4>Proyecto de arquitectura:<\/h4><p>Mar\u00eda Carolina Panella.<\/p><\/li><li><h4>Desarrollo inmobiliario y construcci\u00f3n:<\/h4><p>Palumbo desarrollos inmobiliarios.<\/p><\/li><li><h4>Estado<\/h4><p>Obra en proceso.<\/p><\/li><li><h4>Vivienda Unifamiliar<\/h4><\/li><\/ul>\t\t\t\t\t\t\t\t<\/div>\n\t\t\t\t<\/div>\n\t\t\t\t<\/div>\n\t\t<div class=\"elementor-element elementor-element-1678d63 e-con-full e-flex e-con e-child\" data-id=\"1678d63\" data-element_type=\"container\" data-e-type=\"container\">\n\t\t\t\t<div class=\"elementor-element elementor-element-d87c107 elementor-widget elementor-widget-consua_project_info\" data-id=\"d87c107\" data-element_type=\"widget\" data-e-type=\"widget\" data-widget_type=\"consua_project_info.default\">\n\t\t\t\t<div class=\"elementor-widget-container\">\n\t\t\t\t\t    <!-- Start Project Style One\r\n    ============================================= -->\r\n    <div class=\"order-lg-last right-info\">\r\n        <div class=\"project-info mt-15\" style=\"background-image: url(https:\/\/validthemes.net\/themeforest\/wp\/consua\/wp-content\/uploads\/2023\/09\/41.png);\">\r\n            <h4 class=\"title\"><\/h4>\r\n            <ul>\r\n            \t\t                <li>\r\n\t                    Ubicaci\u00f3n: <span>Casa L38, Barrio La Quebrada. Luj\u00e1n. Mendoza. Argentina.<\/span>\r\n\t                <\/li>\r\n                \t                <li>\r\n\t                    Superficie terreno: <span>500,00 m2<\/span>\r\n\t                <\/li>\r\n                \t                <li>\r\n\t                    Superficie cubierta: <span>160,90 m2<\/span>\r\n\t                <\/li>\r\n                \t                <li>\r\n\t                    Superficie semicubierta: <span>10,62 m2<\/span>\r\n\t                <\/li>\r\n                \t                <li>\r\n\t                    Superficie p\u00e9rgola: <span>62,64 m2<\/span>\r\n\t                <\/li>\r\n                \t                <li>\r\n\t                    Superficie jard\u00edn: <span>227,20 m2<\/span>\r\n\t                <\/li>\r\n                \t                <li>\r\n\t                    Cocheras <span>2<\/span>\r\n\t                <\/li>\r\n                \t                <li>\r\n\t                    Habitaciones <span>3<\/span>\r\n\t                <\/li>\r\n                \t                <li>\r\n\t                    Ba\u00f1os <span>3<\/span>\r\n\t                <\/li>\r\n                \t                <li>\r\n\t                    Plazo <span>18 Meses<\/span>\r\n\t                <\/li>\r\n                \t                <li>\r\n\t                    Fecha de inicio: <span>02\/2025<\/span>\r\n\t                <\/li>\r\n                \t                <li>\r\n\t                    Fecha de entrega: <span>08\/2026<\/span>\r\n\t                <\/li>\r\n                            <\/ul>\r\n            <ul class=\"social\">\r\n                            <\/ul>\r\n        <\/div>\r\n    <\/div>\r\n    <!-- End Project Style One -->\r\n    \t\t\t\t<\/div>\n\t\t\t\t<\/div>\n\t\t\t\t<\/div>\n\t\t\t\t\t<\/div>\n\t\t\t\t<\/div>\n\t\t<div class=\"elementor-element elementor-element-dbf96b4 e-flex e-con-boxed e-con e-parent\" data-id=\"dbf96b4\" data-element_type=\"container\" data-e-type=\"container\">\n\t\t\t\t\t<div class=\"e-con-inner\">\n\t\t\t\t<div class=\"elementor-element elementor-element-ad9306a elementor-widget elementor-widget-heading\" data-id=\"ad9306a\" data-element_type=\"widget\" data-e-type=\"widget\" data-widget_type=\"heading.default\">\n\t\t\t\t<div class=\"elementor-widget-container\">\n\t\t\t\t\t<h2 class=\"elementor-heading-title elementor-size-default\">Renders<\/h2>\t\t\t\t<\/div>\n\t\t\t\t<\/div>\n\t\t\t\t<div class=\"elementor-element elementor-element-f55296a elementor-widget-divider--view-line elementor-widget elementor-widget-divider\" data-id=\"f55296a\" data-element_type=\"widget\" data-e-type=\"widget\" data-widget_type=\"divider.default\">\n\t\t\t\t<div class=\"elementor-widget-container\">\n\t\t\t\t\t\t\t<div class=\"elementor-divider\">\n\t\t\t<span class=\"elementor-divider-separator\">\n\t\t\t\t\t\t<\/span>\n\t\t<\/div>\n\t\t\t\t\t\t<\/div>\n\t\t\t\t<\/div>\n\t\t\t\t<div class=\"elementor-element elementor-element-08e144d elementor-arrows-position-inside elementor-pagination-position-outside elementor-widget elementor-widget-image-carousel\" data-id=\"08e144d\" data-element_type=\"widget\" data-e-type=\"widget\" data-settings=\"{&quot;navigation&quot;:&quot;both&quot;,&quot;autoplay&quot;:&quot;yes&quot;,&quot;pause_on_hover&quot;:&quot;yes&quot;,&quot;pause_on_interaction&quot;:&quot;yes&quot;,&quot;autoplay_speed&quot;:5000,&quot;infinite&quot;:&quot;yes&quot;,&quot;speed&quot;:500}\" data-widget_type=\"image-carousel.default\">\n\t\t\t\t<div class=\"elementor-widget-container\">\n\t\t\t\t\t\t\t<div class=\"elementor-image-carousel-wrapper swiper\" role=\"region\" aria-roledescription=\"carousel\" aria-label=\"Image Carousel\" dir=\"ltr\">\n\t\t\t<div class=\"elementor-image-carousel swiper-wrapper\" aria-live=\"off\">\n\t\t\t\t\t\t\t\t<div class=\"swiper-slide\" role=\"group\" aria-roledescription=\"slide\" aria-label=\"1 of 4\"><a data-elementor-open-lightbox=\"yes\" data-elementor-lightbox-slideshow=\"08e144d\" data-elementor-lightbox-title=\"laquebrada-1\" data-e-action-hash=\"#elementor-action%3Aaction%3Dlightbox%26settings%3DeyJpZCI6MzMxMCwidXJsIjoiaHR0cHM6XC9cL3BhbHVtYm9kZXNhcnJvbGxvcy5jb20uYXJcL3dwLWNvbnRlbnRcL3VwbG9hZHNcLzIwMjRcLzAzXC9sYXF1ZWJyYWRhLTEuanBnIiwic2xpZGVzaG93IjoiMDhlMTQ0ZCJ9\" href=\"https:\/\/palumbodesarrollos.com.ar\/wp-content\/uploads\/2024\/03\/laquebrada-1.jpg\"><figure class=\"swiper-slide-inner\"><img decoding=\"async\" class=\"swiper-slide-image\" src=\"https:\/\/palumbodesarrollos.com.ar\/wp-content\/uploads\/2024\/03\/laquebrada-1-768x416.jpg\" alt=\"laquebrada-1\" \/><\/figure><\/a><\/div><div class=\"swiper-slide\" role=\"group\" aria-roledescription=\"slide\" aria-label=\"2 of 4\"><a data-elementor-open-lightbox=\"yes\" data-elementor-lightbox-slideshow=\"08e144d\" data-elementor-lightbox-title=\"laquebrada-2\" data-e-action-hash=\"#elementor-action%3Aaction%3Dlightbox%26settings%3DeyJpZCI6MzMxMSwidXJsIjoiaHR0cHM6XC9cL3BhbHVtYm9kZXNhcnJvbGxvcy5jb20uYXJcL3dwLWNvbnRlbnRcL3VwbG9hZHNcLzIwMjRcLzAzXC9sYXF1ZWJyYWRhLTIuanBnIiwic2xpZGVzaG93IjoiMDhlMTQ0ZCJ9\" href=\"https:\/\/palumbodesarrollos.com.ar\/wp-content\/uploads\/2024\/03\/laquebrada-2.jpg\"><figure class=\"swiper-slide-inner\"><img decoding=\"async\" class=\"swiper-slide-image\" src=\"https:\/\/palumbodesarrollos.com.ar\/wp-content\/uploads\/2024\/03\/laquebrada-2-768x416.jpg\" alt=\"laquebrada-2\" \/><\/figure><\/a><\/div><div class=\"swiper-slide\" role=\"group\" aria-roledescription=\"slide\" aria-label=\"3 of 4\"><a data-elementor-open-lightbox=\"yes\" data-elementor-lightbox-slideshow=\"08e144d\" data-elementor-lightbox-title=\"laquebrada-3\" data-e-action-hash=\"#elementor-action%3Aaction%3Dlightbox%26settings%3DeyJpZCI6MzMxMiwidXJsIjoiaHR0cHM6XC9cL3BhbHVtYm9kZXNhcnJvbGxvcy5jb20uYXJcL3dwLWNvbnRlbnRcL3VwbG9hZHNcLzIwMjRcLzAzXC9sYXF1ZWJyYWRhLTMuanBnIiwic2xpZGVzaG93IjoiMDhlMTQ0ZCJ9\" href=\"https:\/\/palumbodesarrollos.com.ar\/wp-content\/uploads\/2024\/03\/laquebrada-3.jpg\"><figure class=\"swiper-slide-inner\"><img decoding=\"async\" class=\"swiper-slide-image\" src=\"https:\/\/palumbodesarrollos.com.ar\/wp-content\/uploads\/2024\/03\/laquebrada-3-768x416.jpg\" alt=\"laquebrada-3\" \/><\/figure><\/a><\/div><div class=\"swiper-slide\" role=\"group\" aria-roledescription=\"slide\" aria-label=\"4 of 4\"><a data-elementor-open-lightbox=\"yes\" data-elementor-lightbox-slideshow=\"08e144d\" data-elementor-lightbox-title=\"laquebrada-planta\" data-e-action-hash=\"#elementor-action%3Aaction%3Dlightbox%26settings%3DeyJpZCI6MzMzNiwidXJsIjoiaHR0cHM6XC9cL3BhbHVtYm9kZXNhcnJvbGxvcy5jb20uYXJcL3dwLWNvbnRlbnRcL3VwbG9hZHNcLzIwMjRcLzAzXC9sYXF1ZWJyYWRhLXBsYW50YS5qcGciLCJzbGlkZXNob3ciOiIwOGUxNDRkIn0%3D\" href=\"https:\/\/palumbodesarrollos.com.ar\/wp-content\/uploads\/2024\/03\/laquebrada-planta.jpg\"><figure class=\"swiper-slide-inner\"><img decoding=\"async\" class=\"swiper-slide-image\" src=\"https:\/\/palumbodesarrollos.com.ar\/wp-content\/uploads\/2024\/03\/laquebrada-planta-768x432.jpg\" alt=\"laquebrada-planta\" \/><\/figure><\/a><\/div>\t\t\t<\/div>\n\t\t\t\t\t\t\t\t\t\t\t\t<div class=\"elementor-swiper-button elementor-swiper-button-prev\" role=\"button\" tabindex=\"0\">\n\t\t\t\t\t\t<svg aria-hidden=\"true\" class=\"e-font-icon-svg e-eicon-chevron-left\" viewBox=\"0 0 1000 1000\" xmlns=\"http:\/\/www.w3.org\/2000\/svg\"><path d=\"M646 125C629 125 613 133 604 142L308 442C296 454 292 471 292 487 292 504 296 521 308 533L604 854C617 867 629 875 646 875 663 875 679 871 692 858 704 846 713 829 713 812 713 796 708 779 692 767L438 487 692 225C700 217 708 204 708 187 708 171 704 154 692 142 675 129 663 125 646 125Z\"><\/path><\/svg>\t\t\t\t\t<\/div>\n\t\t\t\t\t<div class=\"elementor-swiper-button elementor-swiper-button-next\" role=\"button\" tabindex=\"0\">\n\t\t\t\t\t\t<svg aria-hidden=\"true\" class=\"e-font-icon-svg e-eicon-chevron-right\" viewBox=\"0 0 1000 1000\" xmlns=\"http:\/\/www.w3.org\/2000\/svg\"><path d=\"M696 533C708 521 713 504 713 487 713 471 708 454 696 446L400 146C388 133 375 125 354 125 338 125 325 129 313 142 300 154 292 171 292 187 292 204 296 221 308 233L563 492 304 771C292 783 288 800 288 817 288 833 296 850 308 863 321 871 338 875 354 875 371 875 388 867 400 854L696 533Z\"><\/path><\/svg>\t\t\t\t\t<\/div>\n\t\t\t\t\n\t\t\t\t\t\t\t\t\t<div class=\"swiper-pagination\"><\/div>\n\t\t\t\t\t\t\t\t\t<\/div>\n\t\t\t\t\t\t<\/div>\n\t\t\t\t<\/div>\n\t\t\t\t\t<\/div>\n\t\t\t\t<\/div>\n\t\t<div class=\"elementor-element elementor-element-5042d8c e-con-full e-flex e-con e-parent\" data-id=\"5042d8c\" data-element_type=\"container\" data-e-type=\"container\">\n\t\t\t\t<div class=\"elementor-element elementor-element-73fbc8c elementor-widget elementor-widget-consua_contact_form\" data-id=\"73fbc8c\" data-element_type=\"widget\" data-e-type=\"widget\" data-widget_type=\"consua_contact_form.default\">\n\t\t\t\t<div class=\"elementor-widget-container\">\n\t\t\t\t\t\r\n\t <!-- Start Contact Style Two \r\n    ============================================= -->\r\n    <div class=\"contact-style-one-area overflow-hidden half-shape-top default-padding-bottom\">\r\n\r\n    \t\t        <div class=\"contact-shape\">\r\n\t            <img decoding=\"async\" src=\"https:\/\/validthemes.net\/themeforest\/wp\/consua\/wp-content\/uploads\/2023\/08\/37.png\" alt=\"palumbodesarrollos.com.ar\">\r\n\t        <\/div>\r\n    \t       \r\n        <div class=\"container\">\r\n            <div class=\"row\">\r\n\r\n                <div class=\"contact-stye-one col-lg-5 pt-220 pt-md-120 pt-xs-50\">\r\n\r\n\t\t\t\t\t\t                    <div class=\"shape-animated-arrow\">\r\n\t                        <img decoding=\"async\" src=\"https:\/\/validthemes.net\/themeforest\/wp\/consua\/wp-content\/uploads\/2023\/09\/36.png\" alt=\"palumbodesarrollos.com.ar\">\r\n\t                    <\/div>\r\n\t\t\t\t\t                    <div class=\"contact-style-one-info\">\r\n                                                \t<h2>Contactanos<\/h2>\r\n                    \t                    \t\t                        <p>\r\n\t                         \u00a1Estamos aqu\u00ed para ayudarte a hacer realidad tu proyecto! No dudes en ponerte en contacto con nosotros para discutir tus necesidades y objetivos. \t                        <\/p>\r\n                                                <ul>\r\n\t\t\t\t\t\t\t\t                            <li class=\"wow fadeInUp\">\r\n\t                                <div class=\"icon\">\r\n\t                                   \t\t\t\t\t\t                    \t\t\t\t\t                    \t\t\t\t\t                        <i class=\"fas fa-phone-alt\"><\/i>\r\n\t\t\t\t\t                    \t                                <\/div>\r\n\t                                <div class=\"content\">\r\n\t                                \t<h5 class=\"title\">WhatsApp<\/h5>\r\n\t                                  \t<a href=\"\">+54 9 2612 74-4728\n<\/a>\t                                <\/div>\r\n\t                            <\/li>\r\n                           \t                            <li class=\"wow fadeInUp\">\r\n\t                                <div class=\"icon\">\r\n\t                                   \t\t\t\t\t\t                    \t\t\t\t\t                    \t\t\t\t\t                        <i class=\"fas fa-envelope-open-text\"><\/i>\r\n\t\t\t\t\t                    \t                                <\/div>\r\n\t                                <div class=\"content\">\r\n\t                                \t<h5 class=\"title\">Mail<\/h5>\r\n\t                                  \t<a href=\"mailto:info.palumbodesarrollos@gmail.com\">info.palumbodesarrollos@gmail.com<\/a>\t                                <\/div>\r\n\t                            <\/li>\r\n                                                   <\/ul>\r\n                    <\/div>\r\n                <\/div>\r\n                \r\n                <div class=\"contact-stye-one col-lg-7 pl-60 pl-md-15 pl-xs-15 mt-md-50\">\r\n                    <div class=\"contact-form-style-one\">\r\n                       \t\t                        <h5 class=\"sub-title\">\u00bfTen\u00e9s alguna consulta?<\/h5>\r\n\t                    \t                                            \t<h2 class=\"heading\">Envianos un mensaje<\/h2>\r\n                                                                        \t\n<div class=\"wpcf7 no-js\" id=\"wpcf7-f6-o1\" lang=\"en-US\" dir=\"ltr\" data-wpcf7-id=\"6\">\n<div class=\"screen-reader-response\"><p role=\"status\" aria-live=\"polite\" aria-atomic=\"true\"><\/p> <ul><\/ul><\/div>\n<form action=\"\/index.php\/wp-json\/wp\/v2\/pages\/2931#wpcf7-f6-o1\" method=\"post\" class=\"wpcf7-form init\" aria-label=\"Contact form\" novalidate=\"novalidate\" data-status=\"init\">\n<fieldset class=\"hidden-fields-container\"><input type=\"hidden\" name=\"_wpcf7\" value=\"6\" \/><input type=\"hidden\" name=\"_wpcf7_version\" value=\"6.1.4\" \/><input type=\"hidden\" name=\"_wpcf7_locale\" value=\"en_US\" \/><input type=\"hidden\" name=\"_wpcf7_unit_tag\" value=\"wpcf7-f6-o1\" \/><input type=\"hidden\" name=\"_wpcf7_container_post\" value=\"0\" \/><input type=\"hidden\" name=\"_wpcf7_posted_data_hash\" value=\"\" \/>\n<\/fieldset>\n<div class=\"row\">\n    <div class=\"col-lg-12\">\n        <div class=\"form-group\">\n             <span class=\"wpcf7-form-control-wrap\" data-name=\"text-911\"><input size=\"40\" maxlength=\"400\" class=\"wpcf7-form-control wpcf7-text wpcf7-validates-as-required form-control\" id=\"name\" aria-required=\"true\" aria-invalid=\"false\" placeholder=\"Nombre\" value=\"\" type=\"text\" name=\"text-911\" \/><\/span>\n        <\/div>\n    <\/div>\n<\/div>\n<div class=\"row\">\n    <div class=\"col-lg-6\">\n        <div class=\"form-group\">\n            <span class=\"wpcf7-form-control-wrap\" data-name=\"text-912\"><input size=\"40\" maxlength=\"400\" class=\"wpcf7-form-control wpcf7-text wpcf7-validates-as-required form-control\" id=\"email\" aria-required=\"true\" aria-invalid=\"false\" placeholder=\"Email*\" value=\"\" type=\"text\" name=\"text-912\" \/><\/span>\n        <\/div>\n    <\/div>\n    <div class=\"col-lg-6\">\n        <div class=\"form-group\">\n            <span class=\"wpcf7-form-control-wrap\" data-name=\"text-913\"><input size=\"40\" maxlength=\"400\" class=\"wpcf7-form-control wpcf7-text wpcf7-validates-as-required form-control\" id=\"phone\" aria-required=\"true\" aria-invalid=\"false\" placeholder=\"Tel\u00e9fono\" value=\"\" type=\"text\" name=\"text-913\" \/><\/span>\n        <\/div>\n    <\/div>\n<\/div>\n<div class=\"row\">\n    <div class=\"col-lg-12\">\n        <div class=\"form-group comments\">\n           <span class=\"wpcf7-form-control-wrap\" data-name=\"textarea-566\"><textarea cols=\"40\" rows=\"10\" maxlength=\"2000\" class=\"wpcf7-form-control wpcf7-textarea wpcf7-validates-as-required comments\" id=\"comments\" aria-required=\"true\" aria-invalid=\"false\" placeholder=\"Contanos sobre tu proyecto*\" name=\"textarea-566\"><\/textarea><\/span>\n        <\/div>\n    <\/div>\n<\/div>\n<div class=\"row\">\n    <div class=\"col-lg-12\">\n        <button type=\"submit\" name=\"submit\" id=\"submit\"><i class=\"fa fa-paper-plane\"><\/i> Enviar <\/button>\n    <\/div>\n<\/div><div class=\"wpcf7-response-output\" aria-hidden=\"true\"><\/div>\n<\/form>\n<\/div>\n                                            <\/div>\r\n                <\/div>\r\n\r\n            <\/div>\r\n        <\/div>\r\n    <\/div>\r\n    <!-- End Contact Style Two -->\r\n\r\n\t\t\t\t\t<\/div>\n\t\t\t\t<\/div>\n\t\t\t\t<\/div>\n\t\t<div class=\"elementor-element elementor-element-c27e5fe e-con-full e-flex e-con e-parent\" data-id=\"c27e5fe\" data-element_type=\"container\" data-e-type=\"container\">\n\t\t\t\t<div class=\"elementor-element elementor-element-4f311b2 elementor-widget elementor-widget-google_maps\" data-id=\"4f311b2\" data-element_type=\"widget\" data-e-type=\"widget\" data-widget_type=\"google_maps.default\">\n\t\t\t\t<div class=\"elementor-widget-container\">\n\t\t\t\t\t\t\t<div class=\"elementor-custom-embed\">\n\t\t\t<iframe loading=\"lazy\"\n\t\t\t\t\tsrc=\"https:\/\/maps.google.com\/maps?q=barrio%20la%20quebrada&#038;t=m&#038;z=10&#038;output=embed&#038;iwloc=near\"\n\t\t\t\t\ttitle=\"barrio la quebrada\"\n\t\t\t\t\taria-label=\"barrio la quebrada\"\n\t\t\t><\/iframe>\n\t\t<\/div>\n\t\t\t\t\t\t<\/div>\n\t\t\t\t<\/div>\n\t\t\t\t<\/div>\n\t\t\t\t<\/div>\n\t\t","protected":false},"excerpt":{"rendered":"<p>Casa L38 CASA L38 Este grandioso proyecto consiste en una espectacular vivienda unifamiliar. Ubicada dentro del Barrio Privado La Quebrada, a tan solo 15 minutos del km 0 de Mendoza. El mismo cuenta con calles pavimentadas, servicios subterr\u00e1neos (salvo electricidad), red de cloacas, sistema integral devigilancia las 24 horas, una hermosa propuesta paisaj\u00edstica donde se&#8230;<\/p>\n","protected":false},"author":1,"featured_media":0,"parent":0,"menu_order":0,"comment_status":"closed","ping_status":"closed","template":"elementor_header_footer","meta":{"om_disable_all_campaigns":false,"_monsterinsights_skip_tracking":false,"_monsterinsights_sitenote_active":false,"_monsterinsights_sitenote_note":"","_monsterinsights_sitenote_category":0,"_themeisle_gutenberg_block_has_review":false,"_joinchat":[],"footnotes":""},"class_list":["post-2931","page","type-page","status-publish","hentry"],"aioseo_notices":[],"_links":{"self":[{"href":"https:\/\/palumbodesarrollos.com.ar\/index.php\/wp-json\/wp\/v2\/pages\/2931","targetHints":{"allow":["GET"]}}],"collection":[{"href":"https:\/\/palumbodesarrollos.com.ar\/index.php\/wp-json\/wp\/v2\/pages"}],"about":[{"href":"https:\/\/palumbodesarrollos.com.ar\/index.php\/wp-json\/wp\/v2\/types\/page"}],"author":[{"embeddable":true,"href":"https:\/\/palumbodesarrollos.com.ar\/index.php\/wp-json\/wp\/v2\/users\/1"}],"replies":[{"embeddable":true,"href":"https:\/\/palumbodesarrollos.com.ar\/index.php\/wp-json\/wp\/v2\/comments?post=2931"}],"version-history":[{"count":71,"href":"https:\/\/palumbodesarrollos.com.ar\/index.php\/wp-json\/wp\/v2\/pages\/2931\/revisions"}],"predecessor-version":[{"id":3649,"href":"https:\/\/palumbodesarrollos.com.ar\/index.php\/wp-json\/wp\/v2\/pages\/2931\/revisions\/3649"}],"wp:attachment":[{"href":"https:\/\/palumbodesarrollos.com.ar\/index.php\/wp-json\/wp\/v2\/media?parent=2931"}],"curies":[{"name":"wp","href":"https:\/\/api.w.org\/{rel}","templated":true}]}}